{"id":127,"date":"2025-08-14T12:44:09","date_gmt":"2025-08-14T12:44:09","guid":{"rendered":"http:\/\/52.29.219.101\/?page_id=127"},"modified":"2025-08-24T16:32:50","modified_gmt":"2025-08-24T16:32:50","slug":"cariere","status":"publish","type":"page","link":"https:\/\/syndical.io\/ro_ro\/cariere\/","title":{"rendered":"Cariere"},"content":{"rendered":"\t\t<div data-elementor-type=\"wp-page\" data-elementor-id=\"127\" class=\"elementor elementor-127\" data-elementor-post-type=\"page\">\n\t\t\t\t<div class=\"elementor-element elementor-element-4aacccee e-flex e-con-boxed e-con e-parent\" data-id=\"4aacccee\" data-element_type=\"container\" data-e-type=\"container\">\n\t\t\t\t\t<div class=\"e-con-inner\">\n\t\t<div class=\"elementor-element elementor-element-1f463cdd e-con-full e-flex e-con e-child\" data-id=\"1f463cdd\" data-element_type=\"container\" data-e-type=\"container\">\n\t\t\t\t<div class=\"elementor-element elementor-element-256220dc elementor-widget elementor-widget-heading\" data-id=\"256220dc\" data-element_type=\"widget\" data-e-type=\"widget\" data-widget_type=\"heading.default\">\n\t\t\t\t\t<h1 class=\"elementor-heading-title elementor-size-default\">Inoveaz\u0103, Cre\u0219te, Syndicalizeaz\u0103<\/h1>\t\t\t\t<\/div>\n\t\t<div class=\"elementor-element elementor-element-59922682 e-con-full e-flex e-con e-child\" data-id=\"59922682\" data-element_type=\"container\" data-e-type=\"container\">\n\t\t\t\t<div class=\"elementor-element elementor-element-3962ed8f elementor-widget elementor-widget-text-editor\" data-id=\"3962ed8f\" data-element_type=\"widget\" data-e-type=\"widget\" data-widget_type=\"text-editor.default\">\n\t\t\t\t\t\t\t\t\t<p>La <strong>Syndical<\/strong> inovezi, \u00eenve\u021bi \u0219i cre\u0219ti al\u0103turi de o echip\u0103 care transform\u0103 modul \u00een care oamenii gestioneaz\u0103 s\u0103n\u0103tatea<\/p>\t\t\t\t\t\t\t\t<\/div>\n\t\t\t\t<\/div>\n\t\t\t\t<\/div>\n\t\t<div class=\"elementor-element elementor-element-66e9d7e9 e-con-full e-flex e-con e-child\" data-id=\"66e9d7e9\" data-element_type=\"container\" data-e-type=\"container\">\n\t\t\t\t<div class=\"elementor-element elementor-element-2243819f elementor-widget-mobile__width-inherit elementor-widget elementor-widget-image\" data-id=\"2243819f\" data-element_type=\"widget\" data-e-type=\"widget\" data-widget_type=\"image.default\">\n\t\t\t\t\t\t\t\t\t\t\t\t\t\t\t<img fetchpriority=\"high\" decoding=\"async\" width=\"6000\" height=\"4000\" src=\"https:\/\/www.syndical.io\/wp-content\/uploads\/2025\/08\/luca-bravo-XJXWbfSo2f0-unsplash.jpg\" class=\"attachment-full size-full wp-image-730\" alt=\"\" \/>\t\t\t\t\t\t\t\t\t\t\t\t\t\t\t<\/div>\n\t\t\t\t<div class=\"elementor-element elementor-element-1a072528 elementor-widget-mobile__width-inherit elementor-widget__width-inherit elementor-widget elementor-widget-image\" data-id=\"1a072528\" data-element_type=\"widget\" data-e-type=\"widget\" data-widget_type=\"image.default\">\n\t\t\t\t\t\t\t\t\t\t\t\t\t\t\t<img decoding=\"async\" width=\"4076\" height=\"2712\" src=\"https:\/\/www.syndical.io\/wp-content\/uploads\/2025\/08\/glenn-carstens-peters-npxXWgQ33ZQ-unsplash.jpg\" class=\"attachment-full size-full wp-image-729\" alt=\"\" \/>\t\t\t\t\t\t\t\t\t\t\t\t\t\t\t<\/div>\n\t\t\t\t<\/div>\n\t\t\t\t\t<\/div>\n\t\t\t\t<\/div>\n\t\t<div class=\"elementor-element elementor-element-7b5f38b1 e-flex e-con-boxed e-con e-parent\" data-id=\"7b5f38b1\" data-element_type=\"container\" data-e-type=\"container\">\n\t\t\t\t\t<div class=\"e-con-inner\">\n\t\t<div class=\"elementor-element elementor-element-1c92b301 e-con-full e-flex e-con e-child\" data-id=\"1c92b301\" data-element_type=\"container\" data-e-type=\"container\" data-settings=\"{&quot;background_background&quot;:&quot;classic&quot;}\">\n\t\t<div class=\"elementor-element elementor-element-174b5422 e-con-full e-flex e-con e-child\" data-id=\"174b5422\" data-element_type=\"container\" data-e-type=\"container\" data-settings=\"{&quot;background_background&quot;:&quot;gradient&quot;}\">\n\t\t<div class=\"elementor-element elementor-element-711db7b5 e-con-full e-flex e-con e-child\" data-id=\"711db7b5\" data-element_type=\"container\" data-e-type=\"container\">\n\t\t\t\t<div class=\"elementor-element elementor-element-48050a1e elementor-widget elementor-widget-text-editor\" data-id=\"48050a1e\" data-element_type=\"widget\" data-e-type=\"widget\" data-widget_type=\"text-editor.default\">\n\t\t\t\t\t\t\t\t\t<p><strong>Full Stack Developer (React)\u00a0<\/strong><\/p>\t\t\t\t\t\t\t\t<\/div>\n\t\t\t\t<div class=\"elementor-element elementor-element-4fd02e4d elementor-widget elementor-widget-text-editor\" data-id=\"4fd02e4d\" data-element_type=\"widget\" data-e-type=\"widget\" data-widget_type=\"text-editor.default\">\n\t\t\t\t\t\t\t\t\t<p>Syndical caut\u0103 developer React care s\u0103 pun\u0103 s\u0103n\u0103tatea digital\u0103 \u00een m\u00e2inile oamenilor. Aplic\u0103 cu portofoliul t\u0103u la: <strong>contact@syndical.io<\/strong><br \/>Subiect email: React Developer \u2013 Vault<\/p>\t\t\t\t\t\t\t\t<\/div>\n\t\t<div class=\"elementor-element elementor-element-62ccb24b e-con-full e-flex e-con e-child\" data-id=\"62ccb24b\" data-element_type=\"container\" data-e-type=\"container\">\n\t\t\t\t<div class=\"elementor-element elementor-element-710e4669 elementor-widget elementor-widget-text-editor\" data-id=\"710e4669\" data-element_type=\"widget\" data-e-type=\"widget\" data-widget_type=\"text-editor.default\">\n\t\t\t\t\t\t\t\t\t<p>Part Time\/Hibrid, Remote<\/p>\t\t\t\t\t\t\t\t<\/div>\n\t\t\t\t<div class=\"elementor-element elementor-element-74fc79ed elementor-widget__width-initial elementor-widget elementor-widget-spacer\" data-id=\"74fc79ed\" data-element_type=\"widget\" data-e-type=\"widget\" data-widget_type=\"spacer.default\">\n\t\t\t\t\t\t\t<div class=\"elementor-spacer\">\n\t\t\t<div class=\"elementor-spacer-inner\"><\/div>\n\t\t<\/div>\n\t\t\t\t\t\t<\/div>\n\t\t\t\t<\/div>\n\t\t\t\t<\/div>\n\t\t\t\t<\/div>\n\t\t<div class=\"elementor-element elementor-element-6413b1dc e-con-full e-flex e-con e-child\" data-id=\"6413b1dc\" data-element_type=\"container\" data-e-type=\"container\" data-settings=\"{&quot;background_background&quot;:&quot;gradient&quot;}\">\n\t\t<div class=\"elementor-element elementor-element-4f5cd356 e-con-full e-flex e-con e-child\" data-id=\"4f5cd356\" data-element_type=\"container\" data-e-type=\"container\">\n\t\t\t\t<div class=\"elementor-element elementor-element-698c1bbd elementor-widget elementor-widget-text-editor\" data-id=\"698c1bbd\" data-element_type=\"widget\" data-e-type=\"widget\" data-widget_type=\"text-editor.default\">\n\t\t\t\t\t\t\t\t\t<p><strong>UI\/UX Designer<\/strong><\/p>\t\t\t\t\t\t\t\t<\/div>\n\t\t\t\t<div class=\"elementor-element elementor-element-1342fab4 elementor-widget elementor-widget-text-editor\" data-id=\"1342fab4\" data-element_type=\"widget\" data-e-type=\"widget\" data-widget_type=\"text-editor.default\">\n\t\t\t\t\t\t\t\t\t<p>C\u0103ut\u0103m un UX\/UI designer empatic, cu sim\u021b estetic \u0219i claritate \u00een structur\u0103, care s\u0103 ne ajute s\u0103 construim un produs accesibil \u0219i memorabil. Aplic\u0103 pe <strong>contact@syndical.io<\/strong>. Subiect email- UX\/UI Designer-Vault<\/p>\t\t\t\t\t\t\t\t<\/div>\n\t\t<div class=\"elementor-element elementor-element-768c5235 e-con-full e-flex e-con e-child\" data-id=\"768c5235\" data-element_type=\"container\" data-e-type=\"container\">\n\t\t\t\t<div class=\"elementor-element elementor-element-41684673 elementor-widget elementor-widget-text-editor\" data-id=\"41684673\" data-element_type=\"widget\" data-e-type=\"widget\" data-widget_type=\"text-editor.default\">\n\t\t\t\t\t\t\t\t\t<p>Freelance \/ Remote\/Hibrid<\/p>\t\t\t\t\t\t\t\t<\/div>\n\t\t\t\t<div class=\"elementor-element elementor-element-45cc616c elementor-widget__width-initial elementor-widget elementor-widget-spacer\" data-id=\"45cc616c\" data-element_type=\"widget\" data-e-type=\"widget\" data-widget_type=\"spacer.default\">\n\t\t\t\t\t\t\t<div class=\"elementor-spacer\">\n\t\t\t<div class=\"elementor-spacer-inner\"><\/div>\n\t\t<\/div>\n\t\t\t\t\t\t<\/div>\n\t\t\t\t<\/div>\n\t\t\t\t<\/div>\n\t\t\t\t<\/div>\n\t\t<div class=\"elementor-element elementor-element-4e0b4eee e-con-full e-flex e-con e-child\" data-id=\"4e0b4eee\" data-element_type=\"container\" data-e-type=\"container\" data-settings=\"{&quot;background_background&quot;:&quot;gradient&quot;}\">\n\t\t<div class=\"elementor-element elementor-element-7d2dab83 e-con-full e-flex e-con e-child\" data-id=\"7d2dab83\" data-element_type=\"container\" data-e-type=\"container\">\n\t\t\t\t<div class=\"elementor-element elementor-element-5ae66be4 elementor-widget elementor-widget-text-editor\" data-id=\"5ae66be4\" data-element_type=\"widget\" data-e-type=\"widget\" data-widget_type=\"text-editor.default\">\n\t\t\t\t\t\t\t\t\t<p><strong>Application Developer \/ Software Engineer<\/strong><\/p>\t\t\t\t\t\t\t\t<\/div>\n\t\t\t\t<div class=\"elementor-element elementor-element-3db4381f elementor-widget elementor-widget-text-editor\" data-id=\"3db4381f\" data-element_type=\"widget\" data-e-type=\"widget\" data-widget_type=\"text-editor.default\">\n\t\t\t\t\t\t\t\t\t<p>Dezvol\u021bi \u0219i optimizezi aplica\u021bia noastr\u0103 Vault, integr\u00e2nd func\u021bionalit\u0103\u021bi noi \u0219i asigur\u00e2nd performan\u021b\u0103, securitate \u0219i scalabilitate. Lucrezi \u00eendeaproape cu echipa de design \u0219i produs pentru a livra o experien\u021b\u0103 excep\u021bional\u0103 utilizatorilor. Aplic\u0103 pe <strong>contact@syndical.io<\/strong>. Subiect email: Application Developer-Vault<\/p>\t\t\t\t\t\t\t\t<\/div>\n\t\t<div class=\"elementor-element elementor-element-65080377 e-con-full e-flex e-con e-child\" data-id=\"65080377\" data-element_type=\"container\" data-e-type=\"container\">\n\t\t\t\t<div class=\"elementor-element elementor-element-a5bf320 elementor-widget elementor-widget-text-editor\" data-id=\"a5bf320\" data-element_type=\"widget\" data-e-type=\"widget\" data-widget_type=\"text-editor.default\">\n\t\t\t\t\t\t\t\t\t<p>Full Time\/Part Time\/ Freelance\/Remote\/Hibrid<\/p>\t\t\t\t\t\t\t\t<\/div>\n\t\t\t\t<div class=\"elementor-element elementor-element-5694be6b elementor-widget__width-initial elementor-widget elementor-widget-spacer\" data-id=\"5694be6b\" data-element_type=\"widget\" data-e-type=\"widget\" data-widget_type=\"spacer.default\">\n\t\t\t\t\t\t\t<div class=\"elementor-spacer\">\n\t\t\t<div class=\"elementor-spacer-inner\"><\/div>\n\t\t<\/div>\n\t\t\t\t\t\t<\/div>\n\t\t\t\t<\/div>\n\t\t\t\t<\/div>\n\t\t\t\t<\/div>\n\t\t\t\t<\/div>\n\t\t\t\t\t<\/div>\n\t\t\t\t<\/div>\n\t\t\t\t<\/div>\n\t\t","protected":false},"excerpt":{"rendered":"<p>Inoveaz\u0103, Cre\u0219te, Syndicalizeaz\u0103 La Syndical inovezi, \u00eenve\u021bi \u0219i cre\u0219ti al\u0103turi de o echip\u0103 care transform\u0103 modul \u00een care oamenii gestioneaz\u0103 s\u0103n\u0103tatea Full Stack Developer (React)\u00a0 Syndical caut\u0103 developer React care s\u0103 pun\u0103 s\u0103n\u0103tatea digital\u0103 \u00een m\u00e2inile oamenilor. Aplic\u0103 cu portofoliul t\u0103u la: contact@syndical.ioSubiect email: React Developer \u2013 Vault Part Time\/Hibrid, Remote UI\/UX Designer C\u0103ut\u0103m un [&hellip;]<\/p>\n","protected":false},"author":1,"featured_media":0,"parent":0,"menu_order":0,"comment_status":"closed","ping_status":"closed","template":"elementor_header_footer","meta":{"footnotes":""},"class_list":["post-127","page","type-page","status-publish","hentry"],"yoast_head":"<!-- This site is optimized with the Yoast SEO plugin v27.0 - https:\/\/yoast.com\/product\/yoast-seo-wordpress\/ -->\n<title>Cariere - Syndical<\/title>\n<meta name=\"robots\" content=\"index, follow, max-snippet:-1, max-image-preview:large, max-video-preview:-1\" \/>\n<link rel=\"canonical\" href=\"https:\/\/www.syndical.io\/ro_ro\/cariere\/\" \/>\n<meta property=\"og:locale\" content=\"ro_RO\" \/>\n<meta property=\"og:type\" content=\"article\" \/>\n<meta property=\"og:title\" content=\"Cariere - Syndical\" \/>\n<meta property=\"og:description\" content=\"Inoveaz\u0103, Cre\u0219te, Syndicalizeaz\u0103 La Syndical inovezi, \u00eenve\u021bi \u0219i cre\u0219ti al\u0103turi de o echip\u0103 care transform\u0103 modul \u00een care oamenii gestioneaz\u0103 s\u0103n\u0103tatea Full Stack Developer (React)\u00a0 Syndical caut\u0103 developer React care s\u0103 pun\u0103 s\u0103n\u0103tatea digital\u0103 \u00een m\u00e2inile oamenilor. Aplic\u0103 cu portofoliul t\u0103u la: contact@syndical.ioSubiect email: React Developer \u2013 Vault Part Time\/Hibrid, Remote UI\/UX Designer C\u0103ut\u0103m un [&hellip;]\" \/>\n<meta property=\"og:url\" content=\"https:\/\/www.syndical.io\/ro_ro\/cariere\/\" \/>\n<meta property=\"og:site_name\" content=\"Syndical\" \/>\n<meta property=\"article:modified_time\" content=\"2025-08-24T16:32:50+00:00\" \/>\n<meta property=\"og:image\" content=\"https:\/\/syndical.io\/wp-content\/uploads\/2025\/08\/luca-bravo-XJXWbfSo2f0-unsplash.jpg\" \/>\n<meta name=\"twitter:card\" content=\"summary_large_image\" \/>\n<meta name=\"twitter:label1\" content=\"Timp estimat pentru citire\" \/>\n\t<meta name=\"twitter:data1\" content=\"1 minut\" \/>\n<script type=\"application\/ld+json\" class=\"yoast-schema-graph\">{\"@context\":\"https:\/\/schema.org\",\"@graph\":[{\"@type\":\"WebPage\",\"@id\":\"https:\/\/www.syndical.io\/ro_ro\/cariere\/\",\"url\":\"https:\/\/www.syndical.io\/ro_ro\/cariere\/\",\"name\":\"Cariere - Syndical\",\"isPartOf\":{\"@id\":\"https:\/\/syndical.io\/ro_ro\/#website\"},\"primaryImageOfPage\":{\"@id\":\"https:\/\/www.syndical.io\/ro_ro\/cariere\/#primaryimage\"},\"image\":{\"@id\":\"https:\/\/www.syndical.io\/ro_ro\/cariere\/#primaryimage\"},\"thumbnailUrl\":\"https:\/\/syndical.io\/wp-content\/uploads\/2025\/08\/luca-bravo-XJXWbfSo2f0-unsplash.jpg\",\"datePublished\":\"2025-08-14T12:44:09+00:00\",\"dateModified\":\"2025-08-24T16:32:50+00:00\",\"breadcrumb\":{\"@id\":\"https:\/\/www.syndical.io\/ro_ro\/cariere\/#breadcrumb\"},\"inLanguage\":\"ro-RO\",\"potentialAction\":[{\"@type\":\"ReadAction\",\"target\":[\"https:\/\/www.syndical.io\/ro_ro\/cariere\/\"]}]},{\"@type\":\"ImageObject\",\"inLanguage\":\"ro-RO\",\"@id\":\"https:\/\/www.syndical.io\/ro_ro\/cariere\/#primaryimage\",\"url\":\"https:\/\/syndical.io\/wp-content\/uploads\/2025\/08\/luca-bravo-XJXWbfSo2f0-unsplash.jpg\",\"contentUrl\":\"https:\/\/syndical.io\/wp-content\/uploads\/2025\/08\/luca-bravo-XJXWbfSo2f0-unsplash.jpg\"},{\"@type\":\"BreadcrumbList\",\"@id\":\"https:\/\/www.syndical.io\/ro_ro\/cariere\/#breadcrumb\",\"itemListElement\":[{\"@type\":\"ListItem\",\"position\":1,\"name\":\"Prima pagin\u0103\",\"item\":\"https:\/\/syndical.io\/ro_ro\/\"},{\"@type\":\"ListItem\",\"position\":2,\"name\":\"Cariere\"}]},{\"@type\":\"WebSite\",\"@id\":\"https:\/\/syndical.io\/ro_ro\/#website\",\"url\":\"https:\/\/syndical.io\/ro_ro\/\",\"name\":\"Syndical\",\"description\":\"\",\"potentialAction\":[{\"@type\":\"SearchAction\",\"target\":{\"@type\":\"EntryPoint\",\"urlTemplate\":\"https:\/\/syndical.io\/ro_ro\/?s={search_term_string}\"},\"query-input\":{\"@type\":\"PropertyValueSpecification\",\"valueRequired\":true,\"valueName\":\"search_term_string\"}}],\"inLanguage\":\"ro-RO\"}]}<\/script>\n<!-- \/ Yoast SEO plugin. -->","yoast_head_json":{"title":"Cariere - Syndical","robots":{"index":"index","follow":"follow","max-snippet":"max-snippet:-1","max-image-preview":"max-image-preview:large","max-video-preview":"max-video-preview:-1"},"canonical":"https:\/\/www.syndical.io\/ro_ro\/cariere\/","og_locale":"ro_RO","og_type":"article","og_title":"Cariere - Syndical","og_description":"Inoveaz\u0103, Cre\u0219te, Syndicalizeaz\u0103 La Syndical inovezi, \u00eenve\u021bi \u0219i cre\u0219ti al\u0103turi de o echip\u0103 care transform\u0103 modul \u00een care oamenii gestioneaz\u0103 s\u0103n\u0103tatea Full Stack Developer (React)\u00a0 Syndical caut\u0103 developer React care s\u0103 pun\u0103 s\u0103n\u0103tatea digital\u0103 \u00een m\u00e2inile oamenilor. Aplic\u0103 cu portofoliul t\u0103u la: contact@syndical.ioSubiect email: React Developer \u2013 Vault Part Time\/Hibrid, Remote UI\/UX Designer C\u0103ut\u0103m un [&hellip;]","og_url":"https:\/\/www.syndical.io\/ro_ro\/cariere\/","og_site_name":"Syndical","article_modified_time":"2025-08-24T16:32:50+00:00","og_image":[{"url":"https:\/\/syndical.io\/wp-content\/uploads\/2025\/08\/luca-bravo-XJXWbfSo2f0-unsplash.jpg","type":"","width":"","height":""}],"twitter_card":"summary_large_image","twitter_misc":{"Timp estimat pentru citire":"1 minut"},"schema":{"@context":"https:\/\/schema.org","@graph":[{"@type":"WebPage","@id":"https:\/\/www.syndical.io\/ro_ro\/cariere\/","url":"https:\/\/www.syndical.io\/ro_ro\/cariere\/","name":"Cariere - Syndical","isPartOf":{"@id":"https:\/\/syndical.io\/ro_ro\/#website"},"primaryImageOfPage":{"@id":"https:\/\/www.syndical.io\/ro_ro\/cariere\/#primaryimage"},"image":{"@id":"https:\/\/www.syndical.io\/ro_ro\/cariere\/#primaryimage"},"thumbnailUrl":"https:\/\/syndical.io\/wp-content\/uploads\/2025\/08\/luca-bravo-XJXWbfSo2f0-unsplash.jpg","datePublished":"2025-08-14T12:44:09+00:00","dateModified":"2025-08-24T16:32:50+00:00","breadcrumb":{"@id":"https:\/\/www.syndical.io\/ro_ro\/cariere\/#breadcrumb"},"inLanguage":"ro-RO","potentialAction":[{"@type":"ReadAction","target":["https:\/\/www.syndical.io\/ro_ro\/cariere\/"]}]},{"@type":"ImageObject","inLanguage":"ro-RO","@id":"https:\/\/www.syndical.io\/ro_ro\/cariere\/#primaryimage","url":"https:\/\/syndical.io\/wp-content\/uploads\/2025\/08\/luca-bravo-XJXWbfSo2f0-unsplash.jpg","contentUrl":"https:\/\/syndical.io\/wp-content\/uploads\/2025\/08\/luca-bravo-XJXWbfSo2f0-unsplash.jpg"},{"@type":"BreadcrumbList","@id":"https:\/\/www.syndical.io\/ro_ro\/cariere\/#breadcrumb","itemListElement":[{"@type":"ListItem","position":1,"name":"Prima pagin\u0103","item":"https:\/\/syndical.io\/ro_ro\/"},{"@type":"ListItem","position":2,"name":"Cariere"}]},{"@type":"WebSite","@id":"https:\/\/syndical.io\/ro_ro\/#website","url":"https:\/\/syndical.io\/ro_ro\/","name":"Syndical","description":"","potentialAction":[{"@type":"SearchAction","target":{"@type":"EntryPoint","urlTemplate":"https:\/\/syndical.io\/ro_ro\/?s={search_term_string}"},"query-input":{"@type":"PropertyValueSpecification","valueRequired":true,"valueName":"search_term_string"}}],"inLanguage":"ro-RO"}]}},"_links":{"self":[{"href":"https:\/\/syndical.io\/ro_ro\/wp-json\/wp\/v2\/pages\/127","targetHints":{"allow":["GET"]}}],"collection":[{"href":"https:\/\/syndical.io\/ro_ro\/wp-json\/wp\/v2\/pages"}],"about":[{"href":"https:\/\/syndical.io\/ro_ro\/wp-json\/wp\/v2\/types\/page"}],"author":[{"embeddable":true,"href":"https:\/\/syndical.io\/ro_ro\/wp-json\/wp\/v2\/users\/1"}],"replies":[{"embeddable":true,"href":"https:\/\/syndical.io\/ro_ro\/wp-json\/wp\/v2\/comments?post=127"}],"version-history":[{"count":64,"href":"https:\/\/syndical.io\/ro_ro\/wp-json\/wp\/v2\/pages\/127\/revisions"}],"predecessor-version":[{"id":1432,"href":"https:\/\/syndical.io\/ro_ro\/wp-json\/wp\/v2\/pages\/127\/revisions\/1432"}],"wp:attachment":[{"href":"https:\/\/syndical.io\/ro_ro\/wp-json\/wp\/v2\/media?parent=127"}],"curies":[{"name":"wp","href":"https:\/\/api.w.org\/{rel}","templated":true}]}}